{"id":3716,"date":"2020-02-19T16:24:24","date_gmt":"2020-02-19T16:24:24","guid":{"rendered":"https:\/\/www.jetscoot-tenerife.com\/?page_id=3716"},"modified":"2022-08-13T12:01:48","modified_gmt":"2022-08-13T12:01:48","slug":"confirmacion-reserva","status":"publish","type":"page","link":"https:\/\/www.jetscoot-tenerife.com\/es\/confirmacion-reserva\/","title":{"rendered":"Confirmaci\u00f3n de reserva"},"content":{"rendered":"\t\t<div data-elementor-type=\"wp-page\" data-elementor-id=\"3716\" class=\"elementor elementor-3716\" data-elementor-settings=\"[]\">\n\t\t\t<div class=\"elementor-inner\">\n\t\t\t\t<div class=\"elementor-section-wrap\">\n\t\t\t\t\t\t\t<section class=\"elementor-element elementor-element-adac5dd elementor-section-boxed elementor-section-height-default elementor-section-height-default elementor-section elementor-top-section\" data-id=\"adac5dd\" data-element_type=\"section\">\n\t\t\t\t\t\t<div class=\"elementor-container elementor-column-gap-extended\">\n\t\t\t\t<div class=\"elementor-row\">\n\t\t\t\t<div class=\"elementor-element elementor-element-89639fc sc_inner_width_none sc_layouts_column_icons_position_left elementor-column elementor-col-100 elementor-top-column\" data-id=\"89639fc\" data-element_type=\"column\">\n\t\t\t<div class=\"elementor-column-wrap  elementor-element-populated\">\n\t\t\t\t\t<div class=\"elementor-widget-wrap\">\n\t\t\t\t<div class=\"elementor-element elementor-element-241dff7 sc_fly_static elementor-widget elementor-widget-spacer\" data-id=\"241dff7\" data-element_type=\"widget\" data-widget_type=\"spacer.default\">\n\t\t\t\t<div class=\"elementor-widget-container\">\n\t\t\t\t\t<div class=\"elementor-spacer\">\n\t\t\t<div class=\"elementor-spacer-inner\"><\/div>\n\t\t<\/div>\n\t\t\t\t<\/div>\n\t\t\t\t<\/div>\n\t\t\t\t<div class=\"elementor-element elementor-element-16617e6 sc_fly_static elementor-widget elementor-widget-heading\" data-id=\"16617e6\" data-element_type=\"widget\" data-widget_type=\"heading.default\">\n\t\t\t\t<div class=\"elementor-widget-container\">\n\t\t\t<h2 class=\"elementor-heading-title elementor-size-default\">Confirmaci\u00f3n de reserva<\/h2>\t\t<\/div>\n\t\t\t\t<\/div>\n\t\t\t\t\t\t<\/div>\n\t\t\t<\/div>\n\t\t<\/div>\n\t\t\t\t\t\t<\/div>\n\t\t\t<\/div>\n\t\t<\/section>\n\t\t\t\t<section class=\"elementor-element elementor-element-a6619d5 elementor-section-boxed elementor-section-height-default elementor-section-height-default elementor-section elementor-top-section\" data-id=\"a6619d5\" data-element_type=\"section\">\n\t\t\t\t\t\t<div class=\"elementor-container elementor-column-gap-extended\">\n\t\t\t\t<div class=\"elementor-row\">\n\t\t\t\t<div class=\"elementor-element elementor-element-c435b8a sc_inner_width_none sc_layouts_column_icons_position_left elementor-column elementor-col-100 elementor-top-column\" data-id=\"c435b8a\" data-element_type=\"column\">\n\t\t\t<div class=\"elementor-column-wrap  elementor-element-populated\">\n\t\t\t\t\t<div class=\"elementor-widget-wrap\">\n\t\t\t\t<div class=\"elementor-element elementor-element-500f32a sc_fly_static elementor-widget elementor-widget-spacer\" data-id=\"500f32a\" data-element_type=\"widget\" data-widget_type=\"spacer.default\">\n\t\t\t\t<div class=\"elementor-widget-container\">\n\t\t\t\t\t<div class=\"elementor-spacer\">\n\t\t\t<div class=\"elementor-spacer-inner\"><\/div>\n\t\t<\/div>\n\t\t\t\t<\/div>\n\t\t\t\t<\/div>\n\t\t\t\t<div class=\"elementor-element elementor-element-a25fe38 sc_fly_static elementor-widget elementor-widget-text-editor\" data-id=\"a25fe38\" data-element_type=\"widget\" data-widget_type=\"text-editor.default\">\n\t\t\t\t<div class=\"elementor-widget-container\">\n\t\t\t\t\t<div class=\"elementor-text-editor elementor-clearfix\"><p>\u00a1Muchas gracias por confiar en nosotros! Te hemos enviado correo electr\u00f3nico con los detalles de la reserva. Para cualquier duda o pregunta adicional no dudes en contactar con nosotros.<\/p><\/div>\n\t\t\t\t<\/div>\n\t\t\t\t<\/div>\n\t\t\t\t<div class=\"elementor-element elementor-element-ef5df4f sc_fly_static elementor-widget elementor-widget-spacer\" data-id=\"ef5df4f\" data-element_type=\"widget\" data-widget_type=\"spacer.default\">\n\t\t\t\t<div class=\"elementor-widget-container\">\n\t\t\t\t\t<div class=\"elementor-spacer\">\n\t\t\t<div class=\"elementor-spacer-inner\"><\/div>\n\t\t<\/div>\n\t\t\t\t<\/div>\n\t\t\t\t<\/div>\n\t\t\t\t<div class=\"elementor-element elementor-element-3be0650 sc_fly_static elementor-widget elementor-widget-alert\" data-id=\"3be0650\" data-element_type=\"widget\" data-widget_type=\"alert.default\">\n\t\t\t\t<div class=\"elementor-widget-container\">\n\t\t\t\t\t<div class=\"elementor-alert elementor-alert-warning\" role=\"alert\">\n\t\t\t<span class=\"elementor-alert-title\">\u00a1INFORMACI\u00d3N MUY IMPORTANTE!<\/span>\n\t\t\t\t\t\t\t<span class=\"elementor-alert-description\">En el caso de que no te presentes a la reserva, se te cobrar\u00e1 autom\u00e1ticamente el resto del importe pendiente de pagar a trav\u00e9s de tu tarjeta sin posibilidad de devoluci\u00f3n.<\/span>\n\t\t\t\t\t\t\t\t<\/div>\n\t\t\t\t<\/div>\n\t\t\t\t<\/div>\n\t\t\t\t<div class=\"elementor-element elementor-element-fabe1ae sc_fly_static elementor-widget elementor-widget-spacer\" data-id=\"fabe1ae\" data-element_type=\"widget\" data-widget_type=\"spacer.default\">\n\t\t\t\t<div class=\"elementor-widget-container\">\n\t\t\t\t\t<div class=\"elementor-spacer\">\n\t\t\t<div class=\"elementor-spacer-inner\"><\/div>\n\t\t<\/div>\n\t\t\t\t<\/div>\n\t\t\t\t<\/div>\n\t\t\t\t<div class=\"elementor-element elementor-element-e108fb9 sc_fly_static elementor-widget elementor-widget-text-editor\" data-id=\"e108fb9\" data-element_type=\"widget\" data-widget_type=\"text-editor.default\">\n\t\t\t\t<div class=\"elementor-widget-container\">\n\t\t\t\t\t<div class=\"elementor-text-editor elementor-clearfix\"><p>Por favor, contacta con nosotros con 48h de antelaci\u00f3n para<span style=\"font-size: 18px; letter-spacing: 0.38px;\">\u00a0cualquier cambio o aplazamiento. No queremos que te pierdas esta experiencia \ud83d\ude09<\/span><\/p><\/div>\n\t\t\t\t<\/div>\n\t\t\t\t<\/div>\n\t\t\t\t<div class=\"elementor-element elementor-element-fc33640 sc_fly_static elementor-widget elementor-widget-spacer\" data-id=\"fc33640\" data-element_type=\"widget\" data-widget_type=\"spacer.default\">\n\t\t\t\t<div class=\"elementor-widget-container\">\n\t\t\t\t\t<div class=\"elementor-spacer\">\n\t\t\t<div class=\"elementor-spacer-inner\"><\/div>\n\t\t<\/div>\n\t\t\t\t<\/div>\n\t\t\t\t<\/div>\n\t\t\t\t<div class=\"elementor-element elementor-element-1a0e052 elementor-align-center sc_fly_static elementor-widget elementor-widget-button\" data-id=\"1a0e052\" data-element_type=\"widget\" data-widget_type=\"button.default\">\n\t\t\t\t<div class=\"elementor-widget-container\">\n\t\t\t\t\t<div class=\"elementor-button-wrapper\">\n\t\t\t<a href=\"\/es\/\" class=\"elementor-button-link elementor-button elementor-size-sm\" role=\"button\">\n\t\t\t\t\t\t<span class=\"elementor-button-content-wrapper\">\n\t\t\t\t\t\t<span class=\"elementor-button-text\">Volver a la p\u00e1gina de inicio<\/span>\n\t\t<\/span>\n\t\t\t\t\t<\/a>\n\t\t<\/div>\n\t\t\t\t<\/div>\n\t\t\t\t<\/div>\n\t\t\t\t\t\t<\/div>\n\t\t\t<\/div>\n\t\t<\/div>\n\t\t\t\t\t\t<\/div>\n\t\t\t<\/div>\n\t\t<\/section>\n\t\t\t\t\t\t<\/div>\n\t\t\t<\/div>\n\t\t<\/div>\n\t\t\n\n<div class=\"kk-star-ratings kksr-auto kksr-align-center kksr-valign-bottom\"\n    data-payload='{&quot;align&quot;:&quot;center&quot;,&quot;id&quot;:&quot;3716&quot;,&quot;slug&quot;:&quot;default&quot;,&quot;valign&quot;:&quot;bottom&quot;,&quot;ignore&quot;:&quot;&quot;,&quot;reference&quot;:&quot;auto&quot;,&quot;class&quot;:&quot;&quot;,&quot;count&quot;:&quot;0&quot;,&quot;legendonly&quot;:&quot;&quot;,&quot;readonly&quot;:&quot;&quot;,&quot;score&quot;:&quot;0&quot;,&quot;starsonly&quot;:&quot;&quot;,&quot;best&quot;:&quot;5&quot;,&quot;gap&quot;:&quot;5&quot;,&quot;greet&quot;:&quot;\u00a1Val\u00f3ranos! page&quot;,&quot;legend&quot;:&quot;0\\\/5 - (0 votos)&quot;,&quot;size&quot;:&quot;14&quot;,&quot;title&quot;:&quot;Confirmaci\u00f3n de reserva&quot;,&quot;width&quot;:&quot;0&quot;,&quot;_legend&quot;:&quot;{score}\\\/{best} - ({count} {votes})&quot;,&quot;font_factor&quot;:&quot;1.25&quot;}'>\n            \n<div class=\"kksr-stars\">\n    \n<div class=\"kksr-stars-inactive\">\n            <div class=\"kksr-star\" data-star=\"1\" style=\"padding-right: 5px\">\n            \n\n<div class=\"kksr-icon\" style=\"width: 14px; height: 14px;\"><\/div>\n        <\/div>\n            <div class=\"kksr-star\" data-star=\"2\" style=\"padding-right: 5px\">\n            \n\n<div class=\"kksr-icon\" style=\"width: 14px; height: 14px;\"><\/div>\n        <\/div>\n            <div class=\"kksr-star\" data-star=\"3\" style=\"padding-right: 5px\">\n            \n\n<div class=\"kksr-icon\" style=\"width: 14px; height: 14px;\"><\/div>\n        <\/div>\n            <div class=\"kksr-star\" data-star=\"4\" style=\"padding-right: 5px\">\n            \n\n<div class=\"kksr-icon\" style=\"width: 14px; height: 14px;\"><\/div>\n        <\/div>\n            <div class=\"kksr-star\" data-star=\"5\" style=\"padding-right: 5px\">\n            \n\n<div class=\"kksr-icon\" style=\"width: 14px; height: 14px;\"><\/div>\n        <\/div>\n    <\/div>\n    \n<div class=\"kksr-stars-active\" style=\"width: 0px;\">\n            <div class=\"kksr-star\" style=\"padding-right: 5px\">\n            \n\n<div class=\"kksr-icon\" style=\"width: 14px; height: 14px;\"><\/div>\n        <\/div>\n            <div class=\"kksr-star\" style=\"padding-right: 5px\">\n            \n\n<div class=\"kksr-icon\" style=\"width: 14px; height: 14px;\"><\/div>\n        <\/div>\n            <div class=\"kksr-star\" style=\"padding-right: 5px\">\n            \n\n<div class=\"kksr-icon\" style=\"width: 14px; height: 14px;\"><\/div>\n        <\/div>\n            <div class=\"kksr-star\" style=\"padding-right: 5px\">\n            \n\n<div class=\"kksr-icon\" style=\"width: 14px; height: 14px;\"><\/div>\n        <\/div>\n            <div class=\"kksr-star\" style=\"padding-right: 5px\">\n            \n\n<div class=\"kksr-icon\" style=\"width: 14px; height: 14px;\"><\/div>\n        <\/div>\n    <\/div>\n<\/div>\n                \n\n<div class=\"kksr-legend\" style=\"font-size: 11.2px;\">\n            <span class=\"kksr-muted\">\u00a1Val\u00f3ranos! page<\/span>\n    <\/div>\n    <\/div>\n","protected":false},"excerpt":{"rendered":"<p>Confirmaci\u00f3n de reserva \u00a1Muchas gracias por confiar en nosotros! Te hemos enviado&hellip;<\/p>\n","protected":false},"author":1,"featured_media":0,"parent":0,"menu_order":0,"comment_status":"closed","ping_status":"closed","template":"","meta":[],"yoast_head":"<!-- This site is optimized with the Yoast SEO plugin v16.7 - https:\/\/yoast.com\/wordpress\/plugins\/seo\/ -->\n<title>Confirmaci\u00f3n de reserva - JetScoot Tenerife<\/title>\n<meta name=\"robots\" content=\"noindex, follow\" \/>\n<meta property=\"og:locale\" content=\"es_ES\" \/>\n<meta property=\"og:type\" content=\"article\" \/>\n<meta property=\"og:title\" content=\"Confirmaci\u00f3n de reserva - JetScoot Tenerife\" \/>\n<meta property=\"og:description\" content=\"Confirmaci\u00f3n de reserva \u00a1Muchas gracias por confiar en nosotros! Te hemos enviado&hellip;\" \/>\n<meta property=\"og:url\" content=\"https:\/\/www.jetscoot-tenerife.com\/es\/confirmacion-reserva\/\" \/>\n<meta property=\"og:site_name\" content=\"JetScoot Tenerife\" \/>\n<meta property=\"article:modified_time\" content=\"2022-08-13T12:01:48+00:00\" \/>\n<meta name=\"twitter:card\" content=\"summary_large_image\" \/>\n<meta name=\"twitter:label1\" content=\"Tiempo de lectura\" \/>\n\t<meta name=\"twitter:data1\" content=\"1 minuto\" \/>\n<script type=\"application\/ld+json\" class=\"yoast-schema-graph\">{\"@context\":\"https:\/\/schema.org\",\"@graph\":[{\"@type\":\"WebSite\",\"@id\":\"https:\/\/www.jetscoot-tenerife.com\/es\/#website\",\"url\":\"https:\/\/www.jetscoot-tenerife.com\/es\/\",\"name\":\"JetScoot Tenerife\",\"description\":\"La mayor experiencia en Moto de Agua de Tenerife\",\"potentialAction\":[{\"@type\":\"SearchAction\",\"target\":{\"@type\":\"EntryPoint\",\"urlTemplate\":\"https:\/\/www.jetscoot-tenerife.com\/es\/?s={search_term_string}\"},\"query-input\":\"required name=search_term_string\"}],\"inLanguage\":\"es\"},{\"@type\":\"WebPage\",\"@id\":\"https:\/\/www.jetscoot-tenerife.com\/es\/confirmacion-reserva\/#webpage\",\"url\":\"https:\/\/www.jetscoot-tenerife.com\/es\/confirmacion-reserva\/\",\"name\":\"Confirmaci\\u00f3n de reserva - JetScoot Tenerife\",\"isPartOf\":{\"@id\":\"https:\/\/www.jetscoot-tenerife.com\/es\/#website\"},\"datePublished\":\"2020-02-19T16:24:24+00:00\",\"dateModified\":\"2022-08-13T12:01:48+00:00\",\"breadcrumb\":{\"@id\":\"https:\/\/www.jetscoot-tenerife.com\/es\/confirmacion-reserva\/#breadcrumb\"},\"inLanguage\":\"es\",\"potentialAction\":[{\"@type\":\"ReadAction\",\"target\":[\"https:\/\/www.jetscoot-tenerife.com\/es\/confirmacion-reserva\/\"]}]},{\"@type\":\"BreadcrumbList\",\"@id\":\"https:\/\/www.jetscoot-tenerife.com\/es\/confirmacion-reserva\/#breadcrumb\",\"itemListElement\":[{\"@type\":\"ListItem\",\"position\":1,\"name\":\"Portada\",\"item\":\"https:\/\/www.jetscoot-tenerife.com\/es\/\"},{\"@type\":\"ListItem\",\"position\":2,\"name\":\"Confirmaci\\u00f3n de reserva\"}]}]}<\/script>\n<!-- \/ Yoast SEO plugin. -->","yoast_head_json":{"title":"Confirmaci\u00f3n de reserva - JetScoot Tenerife","robots":{"index":"noindex","follow":"follow"},"og_locale":"es_ES","og_type":"article","og_title":"Confirmaci\u00f3n de reserva - JetScoot Tenerife","og_description":"Confirmaci\u00f3n de reserva \u00a1Muchas gracias por confiar en nosotros! Te hemos enviado&hellip;","og_url":"https:\/\/www.jetscoot-tenerife.com\/es\/confirmacion-reserva\/","og_site_name":"JetScoot Tenerife","article_modified_time":"2022-08-13T12:01:48+00:00","twitter_card":"summary_large_image","twitter_misc":{"Tiempo de lectura":"1 minuto"},"schema":{"@context":"https:\/\/schema.org","@graph":[{"@type":"WebSite","@id":"https:\/\/www.jetscoot-tenerife.com\/es\/#website","url":"https:\/\/www.jetscoot-tenerife.com\/es\/","name":"JetScoot Tenerife","description":"La mayor experiencia en Moto de Agua de Tenerife","potentialAction":[{"@type":"SearchAction","target":{"@type":"EntryPoint","urlTemplate":"https:\/\/www.jetscoot-tenerife.com\/es\/?s={search_term_string}"},"query-input":"required name=search_term_string"}],"inLanguage":"es"},{"@type":"WebPage","@id":"https:\/\/www.jetscoot-tenerife.com\/es\/confirmacion-reserva\/#webpage","url":"https:\/\/www.jetscoot-tenerife.com\/es\/confirmacion-reserva\/","name":"Confirmaci\u00f3n de reserva - JetScoot Tenerife","isPartOf":{"@id":"https:\/\/www.jetscoot-tenerife.com\/es\/#website"},"datePublished":"2020-02-19T16:24:24+00:00","dateModified":"2022-08-13T12:01:48+00:00","breadcrumb":{"@id":"https:\/\/www.jetscoot-tenerife.com\/es\/confirmacion-reserva\/#breadcrumb"},"inLanguage":"es","potentialAction":[{"@type":"ReadAction","target":["https:\/\/www.jetscoot-tenerife.com\/es\/confirmacion-reserva\/"]}]},{"@type":"BreadcrumbList","@id":"https:\/\/www.jetscoot-tenerife.com\/es\/confirmacion-reserva\/#breadcrumb","itemListElement":[{"@type":"ListItem","position":1,"name":"Portada","item":"https:\/\/www.jetscoot-tenerife.com\/es\/"},{"@type":"ListItem","position":2,"name":"Confirmaci\u00f3n de reserva"}]}]}},"_links":{"self":[{"href":"https:\/\/www.jetscoot-tenerife.com\/es\/wp-json\/wp\/v2\/pages\/3716"}],"collection":[{"href":"https:\/\/www.jetscoot-tenerife.com\/es\/wp-json\/wp\/v2\/pages"}],"about":[{"href":"https:\/\/www.jetscoot-tenerife.com\/es\/wp-json\/wp\/v2\/types\/page"}],"author":[{"embeddable":true,"href":"https:\/\/www.jetscoot-tenerife.com\/es\/wp-json\/wp\/v2\/users\/1"}],"replies":[{"embeddable":true,"href":"https:\/\/www.jetscoot-tenerife.com\/es\/wp-json\/wp\/v2\/comments?post=3716"}],"version-history":[{"count":4,"href":"https:\/\/www.jetscoot-tenerife.com\/es\/wp-json\/wp\/v2\/pages\/3716\/revisions"}],"predecessor-version":[{"id":13723,"href":"https:\/\/www.jetscoot-tenerife.com\/es\/wp-json\/wp\/v2\/pages\/3716\/revisions\/13723"}],"wp:attachment":[{"href":"https:\/\/www.jetscoot-tenerife.com\/es\/wp-json\/wp\/v2\/media?parent=3716"}],"curies":[{"name":"wp","href":"https:\/\/api.w.org\/{rel}","templated":true}]}}